{"id":2019,"date":"2019-02-01T13:41:14","date_gmt":"2019-02-01T12:41:14","guid":{"rendered":"http:\/\/www.mariamorschitzky.com\/?page_id=2019"},"modified":"2019-02-01T14:07:54","modified_gmt":"2019-02-01T13:07:54","slug":"impressum","status":"publish","type":"page","link":"https:\/\/www.mariamorschitzky.com\/?page_id=2019","title":{"rendered":"Impressum"},"content":{"rendered":"\n<div style=\"height:64px\" aria-hidden=\"true\" class=\"wp-block-spacer\"><\/div>\n\n\n\n<div class=\"wp-block-columns has-3-columns is-layout-flex wp-container-core-columns-is-layout-9d6595d7 wp-block-columns-is-layout-flex\">\n<div class=\"wp-block-column is-layout-flow wp-block-column-is-layout-flow\">\n<p style=\"font-size:12px\">F\u00fcr den Inhalt verantwortlich: Maria Morschitzky<br>email: mm@mariamorschitzky.com  <\/p>\n<\/div>\n\n\n\n<div class=\"wp-block-column is-layout-flow wp-block-column-is-layout-flow\">\n<p style=\"font-size:12px\"><\/p>\n<\/div>\n\n\n\n<div class=\"wp-block-column is-layout-flow wp-block-column-is-layout-flow\"><\/div>\n<\/div>\n\n\n\n<div style=\"height:20px\" aria-hidden=\"true\" class=\"wp-block-spacer\"><\/div>\n\n\n\n<div class=\"wp-block-columns has-3-columns is-layout-flex wp-container-core-columns-is-layout-9d6595d7 wp-block-columns-is-layout-flex\">\n<div class=\"wp-block-column is-layout-flow wp-block-column-is-layout-flow\">\n<p>Rechtliche Hinweise:<\/p>\n\n\n\n<p style=\"font-size:12px\">Der Inhaber \u00fcbernimmt weder Garantie noch Haftung f\u00fcr die Richtigkeit, Vollst\u00e4ndigkeit und Aktualit\u00e4t der Angaben. In keinem Fall wird f\u00fcr Sch\u00e4den, die sich aus der Verwendung der abgerufenen Informationen ergeben, eine Haftung \u00fcbernommen. S\u00e4mtliche Inhalte der Website unterliegen dem Schutz des Urheberrechts und anderen Schutzgesetzen und d\u00fcrfen nicht zu kommerziellen Zwecken ver\u00e4ndert, kopiert, verbreitet oder Dritten zug\u00e4nglich gemacht werden. In diesem Zusammenhang weise ich Sie darauf hin, dass auf der Website enthaltene Bilder und Videos teilweise dem Urheberrecht Dritter unterliegen. Trotz sorgf\u00e4ltiger Recherche und Gebarung kann es vorkommen, dass nicht alle Rechteinhaber korrekt angef\u00fchrt sind. \n\n<\/p>\n<\/div>\n\n\n\n<div class=\"wp-block-column is-layout-flow wp-block-column-is-layout-flow\">\n<p style=\"font-size:12px\"><\/p>\n<\/div>\n\n\n\n<div class=\"wp-block-column is-layout-flow wp-block-column-is-layout-flow\"><\/div>\n<\/div>\n\n\n\n<div style=\"height:31px\" aria-hidden=\"true\" class=\"wp-block-spacer\"><\/div>\n\n\n\n<div class=\"wp-block-columns has-3-columns is-layout-flex wp-container-core-columns-is-layout-9d6595d7 wp-block-columns-is-layout-flex\">\n<div class=\"wp-block-column is-layout-flow wp-block-column-is-layout-flow\">\n<p style=\"font-size:12px\">\u00a9 2019: Maria Morschitzky <\/p>\n<\/div>\n\n\n\n<div class=\"wp-block-column is-layout-flow wp-block-column-is-layout-flow\">\n<p style=\"font-size:12px\"><\/p>\n<\/div>\n\n\n\n<div class=\"wp-block-column is-layout-flow wp-block-column-is-layout-flow\"><\/div>\n<\/div>\n","protected":false},"excerpt":{"rendered":"<p>F\u00fcr den Inhalt verantwortlich: Maria Morschitzkyemail: mm@mariamorschitzky.com Rechtliche Hinweise: Der Inhaber \u00fcbernimmt weder Garantie noch Haftung f\u00fcr die Richtigkeit, Vollst\u00e4ndigkeit und Aktualit\u00e4t der Angaben. In keinem Fall wird f\u00fcr Sch\u00e4den, die sich aus der Verwendung der abgerufenen Informationen ergeben, eine Haftung \u00fcbernommen. S\u00e4mtliche Inhalte der Website unterliegen dem Schutz des Urheberrechts und anderen Schutzgesetzen und&hellip;<\/p>\n","protected":false},"author":1,"featured_media":0,"parent":0,"menu_order":0,"comment_status":"closed","ping_status":"closed","template":"","meta":{"_acf_changed":false,"footnotes":""},"class_list":["post-2019","page","type-page","status-publish","hentry"],"acf":[],"_links":{"self":[{"href":"https:\/\/www.mariamorschitzky.com\/index.php?rest_route=\/wp\/v2\/pages\/2019","targetHints":{"allow":["GET"]}}],"collection":[{"href":"https:\/\/www.mariamorschitzky.com\/index.php?rest_route=\/wp\/v2\/pages"}],"about":[{"href":"https:\/\/www.mariamorschitzky.com\/index.php?rest_route=\/wp\/v2\/types\/page"}],"author":[{"embeddable":true,"href":"https:\/\/www.mariamorschitzky.com\/index.php?rest_route=\/wp\/v2\/users\/1"}],"replies":[{"embeddable":true,"href":"https:\/\/www.mariamorschitzky.com\/index.php?rest_route=%2Fwp%2Fv2%2Fcomments&post=2019"}],"version-history":[{"count":9,"href":"https:\/\/www.mariamorschitzky.com\/index.php?rest_route=\/wp\/v2\/pages\/2019\/revisions"}],"predecessor-version":[{"id":2043,"href":"https:\/\/www.mariamorschitzky.com\/index.php?rest_route=\/wp\/v2\/pages\/2019\/revisions\/2043"}],"wp:attachment":[{"href":"https:\/\/www.mariamorschitzky.com\/index.php?rest_route=%2Fwp%2Fv2%2Fmedia&parent=2019"}],"curies":[{"name":"wp","href":"https:\/\/api.w.org\/{rel}","templated":true}]}}